{"id":6,"date":"2013-10-02T11:31:50","date_gmt":"2013-10-02T09:31:50","guid":{"rendered":"https:\/\/butzenwein.de\/wp\/?page_id=6"},"modified":"2020-07-09T12:56:07","modified_gmt":"2020-07-09T10:56:07","slug":"home","status":"publish","type":"page","link":"https:\/\/butzenwein.de\/","title":{"rendered":"Willkommen"},"content":{"rendered":"<p><img loading=\"lazy\" decoding=\"async\" class=\"alignnone wp-image-235\" src=\"https:\/\/butzenwein.de\/wp-content\/uploads\/2015\/07\/fewo.jpg\" alt=\"fewo\" width=\"542\" height=\"305\" srcset=\"https:\/\/butzenwein.de\/wp-content\/uploads\/2015\/07\/fewo.jpg 860w, https:\/\/butzenwein.de\/wp-content\/uploads\/2015\/07\/fewo-300x168.jpg 300w\" sizes=\"auto, (max-width: 542px) 100vw, 542px\" \/><\/p>\n<p>Sch\u00f6n, dass Sie uns gefunden haben. In unserem Weingut im 1000-j\u00e4hrigen <a href=\"http:\/\/reil-mosel.de\/de\/\" target=\"_blank\" rel=\"noopener noreferrer\">Weinort Reil<\/a> bieten wir Ihnen neben gutem Moselwein eine gem\u00fctliche Ferienwohnung mit voller Ausstattung. Wir freuen uns auf Sie&#8230;<\/p>\n<p><a href=\"https:\/\/www.moselsteig.de\" target=\"_blank\" rel=\"noopener noreferrer\"><img loading=\"lazy\" decoding=\"async\" class=\"alignleft wp-image-207 size-full\" style=\"margin-left: 0px; margin-right: 22px;\" src=\"https:\/\/butzenwein.de\/wp-content\/uploads\/2014\/05\/moselsteig-logo.jpg\" alt=\"moselsteig-logo\" width=\"170\" height=\"120\" \/><\/a><\/p>\n<p>&nbsp;<\/p>\n<p>\u00dcbrigens liegt Reil direkt am Moselsteig&#8230;<\/p>\n<p>&nbsp;<\/p>\n<p>&nbsp;<\/p>\n<hr \/>\n<p><span style=\"font-size: 8pt;\"><a href=\"#\" class=\"_brlbs-btn-cookie-preference borlabs-cookie-preference\">Cookieeinstellungen \u00e4ndern<\/a><\/span><\/p>\n","protected":false},"excerpt":{"rendered":"<p>Sch\u00f6n, dass Sie uns gefunden haben. In unserem Weingut im 1000-j\u00e4hrigen Weinort Reil bieten wir Ihnen neben gutem Moselwein eine gem\u00fctliche Ferienwohnung mit voller Ausstattung. Wir freuen uns auf Sie&#8230; &nbsp; \u00dcbrigens liegt Reil direkt am Moselsteig&#8230; &nbsp; &nbsp;<\/p>\n","protected":false},"author":1,"featured_media":0,"parent":0,"menu_order":0,"comment_status":"open","ping_status":"open","template":"","meta":{"footnotes":""},"class_list":["post-6","page","type-page","status-publish","hentry"],"_links":{"self":[{"href":"https:\/\/butzenwein.de\/index.php\/wp-json\/wp\/v2\/pages\/6","targetHints":{"allow":["GET"]}}],"collection":[{"href":"https:\/\/butzenwein.de\/index.php\/wp-json\/wp\/v2\/pages"}],"about":[{"href":"https:\/\/butzenwein.de\/index.php\/wp-json\/wp\/v2\/types\/page"}],"author":[{"embeddable":true,"href":"https:\/\/butzenwein.de\/index.php\/wp-json\/wp\/v2\/users\/1"}],"replies":[{"embeddable":true,"href":"https:\/\/butzenwein.de\/index.php\/wp-json\/wp\/v2\/comments?post=6"}],"version-history":[{"count":27,"href":"https:\/\/butzenwein.de\/index.php\/wp-json\/wp\/v2\/pages\/6\/revisions"}],"predecessor-version":[{"id":327,"href":"https:\/\/butzenwein.de\/index.php\/wp-json\/wp\/v2\/pages\/6\/revisions\/327"}],"wp:attachment":[{"href":"https:\/\/butzenwein.de\/index.php\/wp-json\/wp\/v2\/media?parent=6"}],"curies":[{"name":"wp","href":"https:\/\/api.w.org\/{rel}","templated":true}]}}